{"id":184,"date":"2020-12-03T22:37:10","date_gmt":"2020-12-03T22:37:10","guid":{"rendered":"https:\/\/blendedfinancecritique.ca\/?page_id=184"},"modified":"2024-10-24T10:57:04","modified_gmt":"2024-10-24T14:57:04","slug":"pourquoi-une-critique-de-la-finance-mixte","status":"publish","type":"page","link":"https:\/\/blendedfinancecritique.ca\/fr\/","title":{"rendered":"Mythes et r\u00e9alit\u00e9s de la financement mixte"},"content":{"rendered":"\n<p>Le <a href=\"https:\/\/blendedfinancecritique.ca\/fr\/quest-ce-que-le-financement-mixte\/\">financement mixte<\/a> est l\u2019utilisation de fonds d\u2019aide publique pour lever des fonds aupr\u00e8s du secteur priv\u00e9 afin d\u2019atteindre des objectifs d\u2019aide et de d\u00e9veloppement internationaux tout en assurant un profit aux investisseurs priv\u00e9s. Il est de plus en plus pr\u00e9sent\u00e9 comme une solution au manque de financement pour atteindre les&nbsp;<a href=\"https:\/\/www.un.org\/sustainabledevelopment\/fr\/objectifs-de-developpement-durable\/\">objectifs de d\u00e9veloppement durable<\/a>&nbsp;des Nations Unies. L\u2019attitude optimiste du gouvernement canadien \u00e0 l\u2019\u00e9gard de cette strat\u00e9gie n\u2019est tout simplement pas \u00e9tay\u00e9e par les donn\u00e9es et manque d\u2019une analyse critique de ses r\u00e9percussions pour les communaut\u00e9s touch\u00e9es dans le monde et l\u2019avenir de l\u2019aide publique au d\u00e9veloppement (APD) du Canada. Le financement mixte est une autre it\u00e9ration de la privatisation et de la&nbsp;<a href=\"https:\/\/www.tni.org\/en\/publication\/financialisation-a-primer\">financiarisation<\/a>, par laquelle les programmes d\u2019aide financ\u00e9s par l\u2019\u00c9tat servent de plus en plus les besoins et les objectifs du secteur priv\u00e9. Ce projet cherche \u00e0 d\u00e9baller ces lacunes, en fournissant une analyse critique du financement mixte et des instruments d\u2019aide utilis\u00e9s ici au Canada et ailleurs pour attirer les investissements du secteur priv\u00e9. Cliquez&nbsp;<a href=\"https:\/\/blendedfinancecritique.ca\/fr\/une-critique-de-la-finance-mixte-2\/\">ici<\/a>&nbsp;pour en savoir plus.&nbsp;<\/p>\n\n\n\n<p>Consultez notre s\u00e9rie <a href=\"https:\/\/blendedfinancecritique.ca\/media\/\">d\u2019entrevues<\/a> sur ce sujet!<\/p>\n\n\n\n<h2 class=\"wp-block-heading\">Consultez ce nouveau <a href=\"https:\/\/blendedfinancecritique.ca\/fr\/cartographie-de-la-finance-mixte\/\">rapport<\/a> :<\/h2>\n\n\n\n<p>Cartographie de la finance mixte : Quelle est l&rsquo;exp\u00e9rience des organisations de coop\u00e9ration au d\u00e9veloppement et de solidarit\u00e9 au Canada ?<\/p>\n\n\n\n<figure class=\"wp-block-gallery has-nested-images columns-default is-cropped wp-block-gallery-1 is-layout-flex wp-block-gallery-is-layout-flex\">\n<figure class=\"wp-block-image size-large\"><a href=\"https:\/\/blendedfinancecritique.ca\/fr\/cartographie-de-la-finance-mixte\/\"><img loading=\"lazy\" decoding=\"async\" width=\"1024\" height=\"576\" data-id=\"719\" src=\"https:\/\/blendedfinancecritique.ca\/wp-content\/uploads\/sites\/83\/2024\/10\/BFP-Report-Launch-Graphic-1-1-1024x576.png\" alt=\"\" class=\"wp-image-719\" srcset=\"https:\/\/blendedfinancecritique.ca\/wp-content\/uploads\/sites\/83\/2024\/10\/BFP-Report-Launch-Graphic-1-1-1024x576.png 1024w, https:\/\/blendedfinancecritique.ca\/wp-content\/uploads\/sites\/83\/2024\/10\/BFP-Report-Launch-Graphic-1-1-300x169.png 300w, https:\/\/blendedfinancecritique.ca\/wp-content\/uploads\/sites\/83\/2024\/10\/BFP-Report-Launch-Graphic-1-1-768x432.png 768w, https:\/\/blendedfinancecritique.ca\/wp-content\/uploads\/sites\/83\/2024\/10\/BFP-Report-Launch-Graphic-1-1.png 1366w\" sizes=\"auto, (max-width: 767px) 89vw, (max-width: 1000px) 54vw, (max-width: 1071px) 543px, 580px\" \/><\/a><\/figure>\n<\/figure>\n\n\n\n<h2 class=\"wp-block-heading\">Bilan du Canada en Mati\u00e8re de Financement Mixte : \u00c9tudes de cas sur FinDev Canada<\/h2>\n\n\n\n<p>En janvier\u00a02018, Exportation et d\u00e9veloppement Canada (EDC), l\u2019organisme national de cr\u00e9dit \u00e0 l\u2019exportation, a lanc\u00e9 une filiale, l\u2019Institut de financement du d\u00e9veloppement du Canada<strong>\u00a0<\/strong>(FinDev). Le mandat de FinDev est d\u2019appuyer \u00ab\u00a0le secteur priv\u00e9 dans les march\u00e9s en d\u00e9veloppement afin de promouvoir le d\u00e9veloppement durable\u00a0\u00bb en se concentrant sur la cr\u00e9ation d\u2019emplois (par l\u2019entremise du d\u00e9veloppement des march\u00e9s), l\u2019autonomisation \u00e9conomique des femmes, ainsi que l\u2019adaptation au changement climatique et l\u2019att\u00e9nuation de ses effets. Depuis sa cr\u00e9ation, le portefeuille de FinDev\u00a0a pris de l&rsquo;expansion.\u00a0Nous vous invitons \u00e0 lire\u00a0ces <a href=\"https:\/\/blendedfinancecritique.ca\/fr\/etudes-de-cas-findev\/\">\u00e9tudes de cas<\/a> pour en savoir plus sur les controverses et les questions que les investissements de FinDev ont soulev\u00e9es jusqu&rsquo;\u00e0 pr\u00e9sent.<\/p>\n\n\n\n<div class=\"wp-block-buttons is-layout-flex wp-block-buttons-is-layout-flex\">\n<div class=\"wp-block-button\"><a class=\"wp-block-button__link wp-element-button\" href=\"https:\/\/blendedfinancecritique.ca\/fr\/etudes-de-cas-findev\/\">Voici des \u00e9tudes de cas ici<\/a><\/div>\n<\/div>\n","protected":false},"excerpt":{"rendered":"<p>Le financement mixte est l\u2019utilisation de fonds d\u2019aide publique pour lever des fonds aupr\u00e8s du secteur priv\u00e9 afin d\u2019atteindre des objectifs d\u2019aide et de d\u00e9veloppement internationaux tout en assurant un profit aux investisseurs priv\u00e9s. Il est de plus en plus pr\u00e9sent\u00e9 comme une solution au manque de financement pour atteindre les&nbsp;objectifs de d\u00e9veloppement durable&nbsp;des Nations &hellip; <\/p>\n<p class=\"link-more\"><a href=\"https:\/\/blendedfinancecritique.ca\/fr\/\" class=\"more-link\">Continue reading<span class=\"screen-reader-text\"> \u00ab\u00a0Mythes et r\u00e9alit\u00e9s de la financement mixte\u00a0\u00bb<\/span><\/a><\/p>\n","protected":false},"author":2,"featured_media":0,"parent":0,"menu_order":0,"comment_status":"closed","ping_status":"closed","template":"","meta":{"footnotes":""},"class_list":["post-184","page","type-page","status-publish","hentry"],"yoast_head":"<!-- This site is optimized with the Yoast SEO plugin v25.9 - https:\/\/yoast.com\/wordpress\/plugins\/seo\/ -->\n<title>Mythes et r\u00e9alit\u00e9s de la financement mixte - Le projet de financement mixte<\/title>\n<meta name=\"robots\" content=\"index, follow, max-snippet:-1, max-image-preview:large, max-video-preview:-1\" \/>\n<link rel=\"canonical\" href=\"https:\/\/blendedfinancecritique.ca\/fr\/\" \/>\n<meta property=\"og:locale\" content=\"fr_FR\" \/>\n<meta property=\"og:type\" content=\"article\" \/>\n<meta property=\"og:title\" content=\"Mythes et r\u00e9alit\u00e9s de la financement mixte - Le projet de financement mixte\" \/>\n<meta property=\"og:description\" content=\"Le financement mixte est l\u2019utilisation de fonds d\u2019aide publique pour lever des fonds aupr\u00e8s du secteur priv\u00e9 afin d\u2019atteindre des objectifs d\u2019aide et de d\u00e9veloppement internationaux tout en assurant un profit aux investisseurs priv\u00e9s. Il est de plus en plus pr\u00e9sent\u00e9 comme une solution au manque de financement pour atteindre les&nbsp;objectifs de d\u00e9veloppement durable&nbsp;des Nations &hellip; Continue reading &quot;Mythes et r\u00e9alit\u00e9s de la financement mixte&quot;\" \/>\n<meta property=\"og:url\" content=\"https:\/\/blendedfinancecritique.ca\/fr\/\" \/>\n<meta property=\"og:site_name\" content=\"Le projet de financement mixte\" \/>\n<meta property=\"article:modified_time\" content=\"2024-10-24T14:57:04+00:00\" \/>\n<meta property=\"og:image\" content=\"https:\/\/blendedfinancecritique.ca\/wp-content\/uploads\/sites\/83\/2024\/10\/BFP-Report-Launch-Graphic-1-1-1024x576.png\" \/>\n<meta name=\"twitter:card\" content=\"summary_large_image\" \/>\n<meta name=\"twitter:label1\" content=\"Est. reading time\" \/>\n\t<meta name=\"twitter:data1\" content=\"1 minute\" \/>\n<script type=\"application\/ld+json\" class=\"yoast-schema-graph\">{\"@context\":\"https:\/\/schema.org\",\"@graph\":[{\"@type\":\"WebPage\",\"@id\":\"https:\/\/blendedfinancecritique.ca\/fr\/\",\"url\":\"https:\/\/blendedfinancecritique.ca\/fr\/\",\"name\":\"Mythes et r\u00e9alit\u00e9s de la financement mixte - Le projet de financement mixte\",\"isPartOf\":{\"@id\":\"https:\/\/blendedfinancecritique.ca\/fr\/#website\"},\"primaryImageOfPage\":{\"@id\":\"https:\/\/blendedfinancecritique.ca\/fr\/#primaryimage\"},\"image\":{\"@id\":\"https:\/\/blendedfinancecritique.ca\/fr\/#primaryimage\"},\"thumbnailUrl\":\"https:\/\/blendedfinancecritique.ca\/wp-content\/uploads\/sites\/83\/2024\/10\/BFP-Report-Launch-Graphic-1-1-1024x576.png\",\"datePublished\":\"2020-12-03T22:37:10+00:00\",\"dateModified\":\"2024-10-24T14:57:04+00:00\",\"breadcrumb\":{\"@id\":\"https:\/\/blendedfinancecritique.ca\/fr\/#breadcrumb\"},\"inLanguage\":\"fr-FR\",\"potentialAction\":[{\"@type\":\"ReadAction\",\"target\":[\"https:\/\/blendedfinancecritique.ca\/fr\/\"]}]},{\"@type\":\"ImageObject\",\"inLanguage\":\"fr-FR\",\"@id\":\"https:\/\/blendedfinancecritique.ca\/fr\/#primaryimage\",\"url\":\"https:\/\/blendedfinancecritique.ca\/wp-content\/uploads\/sites\/83\/2024\/10\/BFP-Report-Launch-Graphic-1-1-1024x576.png\",\"contentUrl\":\"https:\/\/blendedfinancecritique.ca\/wp-content\/uploads\/sites\/83\/2024\/10\/BFP-Report-Launch-Graphic-1-1-1024x576.png\"},{\"@type\":\"BreadcrumbList\",\"@id\":\"https:\/\/blendedfinancecritique.ca\/fr\/#breadcrumb\",\"itemListElement\":[{\"@type\":\"ListItem\",\"position\":1,\"name\":\"Home\",\"item\":\"https:\/\/blendedfinancecritique.ca\/fr\/\"},{\"@type\":\"ListItem\",\"position\":2,\"name\":\"Mythes et r\u00e9alit\u00e9s de la financement mixte\"}]},{\"@type\":\"WebSite\",\"@id\":\"https:\/\/blendedfinancecritique.ca\/fr\/#website\",\"url\":\"https:\/\/blendedfinancecritique.ca\/fr\/\",\"name\":\"Le projet de financement mixte\",\"description\":\"Une critique de la finance mixte dans l'aide canadienne\",\"potentialAction\":[{\"@type\":\"SearchAction\",\"target\":{\"@type\":\"EntryPoint\",\"urlTemplate\":\"https:\/\/blendedfinancecritique.ca\/fr\/?s={search_term_string}\"},\"query-input\":{\"@type\":\"PropertyValueSpecification\",\"valueRequired\":true,\"valueName\":\"search_term_string\"}}],\"inLanguage\":\"fr-FR\"}]}<\/script>\n<!-- \/ Yoast SEO plugin. -->","yoast_head_json":{"title":"Mythes et r\u00e9alit\u00e9s de la financement mixte - Le projet de financement mixte","robots":{"index":"index","follow":"follow","max-snippet":"max-snippet:-1","max-image-preview":"max-image-preview:large","max-video-preview":"max-video-preview:-1"},"canonical":"https:\/\/blendedfinancecritique.ca\/fr\/","og_locale":"fr_FR","og_type":"article","og_title":"Mythes et r\u00e9alit\u00e9s de la financement mixte - Le projet de financement mixte","og_description":"Le financement mixte est l\u2019utilisation de fonds d\u2019aide publique pour lever des fonds aupr\u00e8s du secteur priv\u00e9 afin d\u2019atteindre des objectifs d\u2019aide et de d\u00e9veloppement internationaux tout en assurant un profit aux investisseurs priv\u00e9s. Il est de plus en plus pr\u00e9sent\u00e9 comme une solution au manque de financement pour atteindre les&nbsp;objectifs de d\u00e9veloppement durable&nbsp;des Nations &hellip; Continue reading \"Mythes et r\u00e9alit\u00e9s de la financement mixte\"","og_url":"https:\/\/blendedfinancecritique.ca\/fr\/","og_site_name":"Le projet de financement mixte","article_modified_time":"2024-10-24T14:57:04+00:00","og_image":[{"url":"https:\/\/blendedfinancecritique.ca\/wp-content\/uploads\/sites\/83\/2024\/10\/BFP-Report-Launch-Graphic-1-1-1024x576.png","type":"","width":"","height":""}],"twitter_card":"summary_large_image","twitter_misc":{"Est. reading time":"1 minute"},"schema":{"@context":"https:\/\/schema.org","@graph":[{"@type":"WebPage","@id":"https:\/\/blendedfinancecritique.ca\/fr\/","url":"https:\/\/blendedfinancecritique.ca\/fr\/","name":"Mythes et r\u00e9alit\u00e9s de la financement mixte - Le projet de financement mixte","isPartOf":{"@id":"https:\/\/blendedfinancecritique.ca\/fr\/#website"},"primaryImageOfPage":{"@id":"https:\/\/blendedfinancecritique.ca\/fr\/#primaryimage"},"image":{"@id":"https:\/\/blendedfinancecritique.ca\/fr\/#primaryimage"},"thumbnailUrl":"https:\/\/blendedfinancecritique.ca\/wp-content\/uploads\/sites\/83\/2024\/10\/BFP-Report-Launch-Graphic-1-1-1024x576.png","datePublished":"2020-12-03T22:37:10+00:00","dateModified":"2024-10-24T14:57:04+00:00","breadcrumb":{"@id":"https:\/\/blendedfinancecritique.ca\/fr\/#breadcrumb"},"inLanguage":"fr-FR","potentialAction":[{"@type":"ReadAction","target":["https:\/\/blendedfinancecritique.ca\/fr\/"]}]},{"@type":"ImageObject","inLanguage":"fr-FR","@id":"https:\/\/blendedfinancecritique.ca\/fr\/#primaryimage","url":"https:\/\/blendedfinancecritique.ca\/wp-content\/uploads\/sites\/83\/2024\/10\/BFP-Report-Launch-Graphic-1-1-1024x576.png","contentUrl":"https:\/\/blendedfinancecritique.ca\/wp-content\/uploads\/sites\/83\/2024\/10\/BFP-Report-Launch-Graphic-1-1-1024x576.png"},{"@type":"BreadcrumbList","@id":"https:\/\/blendedfinancecritique.ca\/fr\/#breadcrumb","itemListElement":[{"@type":"ListItem","position":1,"name":"Home","item":"https:\/\/blendedfinancecritique.ca\/fr\/"},{"@type":"ListItem","position":2,"name":"Mythes et r\u00e9alit\u00e9s de la financement mixte"}]},{"@type":"WebSite","@id":"https:\/\/blendedfinancecritique.ca\/fr\/#website","url":"https:\/\/blendedfinancecritique.ca\/fr\/","name":"Le projet de financement mixte","description":"Une critique de la finance mixte dans l'aide canadienne","potentialAction":[{"@type":"SearchAction","target":{"@type":"EntryPoint","urlTemplate":"https:\/\/blendedfinancecritique.ca\/fr\/?s={search_term_string}"},"query-input":{"@type":"PropertyValueSpecification","valueRequired":true,"valueName":"search_term_string"}}],"inLanguage":"fr-FR"}]}},"_links":{"self":[{"href":"https:\/\/blendedfinancecritique.ca\/fr\/wp-json\/wp\/v2\/pages\/184","targetHints":{"allow":["GET"]}}],"collection":[{"href":"https:\/\/blendedfinancecritique.ca\/fr\/wp-json\/wp\/v2\/pages"}],"about":[{"href":"https:\/\/blendedfinancecritique.ca\/fr\/wp-json\/wp\/v2\/types\/page"}],"author":[{"embeddable":true,"href":"https:\/\/blendedfinancecritique.ca\/fr\/wp-json\/wp\/v2\/users\/2"}],"replies":[{"embeddable":true,"href":"https:\/\/blendedfinancecritique.ca\/fr\/wp-json\/wp\/v2\/comments?post=184"}],"version-history":[{"count":6,"href":"https:\/\/blendedfinancecritique.ca\/fr\/wp-json\/wp\/v2\/pages\/184\/revisions"}],"predecessor-version":[{"id":762,"href":"https:\/\/blendedfinancecritique.ca\/fr\/wp-json\/wp\/v2\/pages\/184\/revisions\/762"}],"wp:attachment":[{"href":"https:\/\/blendedfinancecritique.ca\/fr\/wp-json\/wp\/v2\/media?parent=184"}],"curies":[{"name":"wp","href":"https:\/\/api.w.org\/{rel}","templated":true}]}}