{"id":420,"date":"2021-03-10T00:40:52","date_gmt":"2021-03-10T00:40:52","guid":{"rendered":"https:\/\/blendedfinancecritique.ca\/?page_id=420"},"modified":"2021-03-15T15:21:40","modified_gmt":"2021-03-15T15:21:40","slug":"quest-ce-que-le-financement-mixte","status":"publish","type":"page","link":"https:\/\/blendedfinancecritique.ca\/fr\/quest-ce-que-le-financement-mixte\/","title":{"rendered":"Qu&rsquo;est-ce que le financement mixte ?"},"content":{"rendered":"\n<p>Avant de d\u00e9finir le financement mixte, il est important de situer l\u2019expression dans le paysage de l\u2019aide au d\u00e9veloppement \u2013 c\u2019est-\u00e0-dire de l\u2019aide \u00e9trang\u00e8re.<\/p>\n\n\n\n<p><strong>D\u00e9finir l\u2019aide publique au d\u00e9veloppement (APD) ou l\u2019aide \u00e9trang\u00e8re<\/strong><\/p>\n\n\n\n<p>Selon le Comit\u00e9 d\u2019aide au d\u00e9veloppement de l\u2019Organisation de coop\u00e9ration et de d\u00e9veloppement \u00e9conomiques (le CAD de l\u2019OCDE), \u00ab&nbsp;l\u2019aide publique au d\u00e9veloppement (APD) est d\u00e9finie comme une aide gouvernementale qui favorise et vise express\u00e9ment le d\u00e9veloppement \u00e9conomique et le bien-\u00eatre des pays en d\u00e9veloppement.<\/p>\n\n\n\n<p>L\u2019APD est distribu\u00e9e aux pays et territoires qui figurent \u00e0 la liste du CAD des r\u00e9cipiendaires d\u2019APD ainsi qu\u2019\u00e0 des institutions multilat\u00e9rales de d\u00e9veloppement. Elle est&nbsp;:<\/p>\n\n\n\n<ol class=\"wp-block-list\" type=\"1\"><li>accord\u00e9e par des organismes officiels, dont des gouvernements r\u00e9gionaux et locaux, ou encore par leurs organismes de direction; et<\/li><li>de nature concessionnelle (c.-\u00e0-d. subventions et pr\u00eats \u00e0 des conditions de faveur) et administr\u00e9e avec dans l\u2019objectif principal de faire la promotion du d\u00e9veloppement \u00e9conomique et du bien-\u00eatre des pays en d\u00e9veloppement.<\/li><\/ol>\n\n\n\n<p>CE QUE L\u2019APD\u00a0N\u2019EST <strong>PAS<\/strong>\u2026<\/p>\n\n\n\n<ul class=\"wp-block-list\"><li>Une aide militaire ou la promotion des int\u00e9r\u00eats en mati\u00e8re de s\u00e9curit\u00e9 des donateurs<\/li><li>Des transactions qui ont un objectif principalement commercial, par exemple des cr\u00e9dits \u00e0 l\u2019exportation&nbsp;\u00bb<\/li><\/ul>\n\n\n\n<p><strong>Le d\u00e9ficit de financement du d\u00e9veloppement durable<\/strong><\/p>\n\n\n\n<p>Le programme d\u2019aide internationale s\u2019articule actuellement autour d\u2019une s\u00e9rie <a href=\"https:\/\/www.un.org\/sustainabledevelopment\/fr\/objectifs-de-developpement-durable\/\">d\u2019objectifs de d\u00e9veloppement durable<\/a> (ODD). Ce sont 17 cibles adopt\u00e9es par les \u00c9tats membres de l\u2019Organisation des Nations unies (ONU) en 2015 et devant \u00eatre r\u00e9alis\u00e9es d\u2019ici 2030. Il s\u2019agit notamment d\u2019\u00e9radiquer la pauvret\u00e9 et la faim, de garantir l\u2019acc\u00e8s \u00e0 des services publics comme la sant\u00e9, l\u2019\u00e9ducation et l\u2019eau potable et de parvenir \u00e0 l\u2019\u00e9galit\u00e9 des sexes.<\/p>\n\n\n\n<p>Il s\u2019agit d\u2019une entreprise colossale. Les Nations Unies estiment que le \u00ab&nbsp;d\u00e9ficit de financement&nbsp;\u00bb \u2013 c\u2019est-\u00e0-dire les fonds encore n\u00e9cessaires pour r\u00e9aliser les ODD \u2013, qui se chiffrait \u00e0 2,5 milliards de dollars am\u00e9ricains par ann\u00e9e avant le d\u00e9but de la pand\u00e9mie, est pass\u00e9 \u00e0 4,2 milliards de dollars am\u00e9ricains par ann\u00e9e.<\/p>\n\n\n\n<p><a href=\"https:\/\/www.oecd.org\/fr\/developpement\/repli-de-l-aide-au-developpement-en-2018-en-particulier-vers-les-pays-qui-en-ont-le-plus-besoin.htm\">Les niveaux actuels d\u2019APD<\/a> sont loin de permettre de r\u00e9pondre aux besoins. Totalisant seulement 153\u00a0milliards de dollars am\u00e9ricains \u00e0 l\u2019\u00e9chelle mondiale en <a href=\"https:\/\/www.oecd.org\/fr\/cad\/financementpourledeveloppementdurable\/normes-financement-developpement\/aide-publique-au-developpement.htm\">2019<\/a>, les pays donateurs ont continu\u00e9 \u00e0 manquer l\u2019objectif qu\u2019ils s\u2019\u00e9taient fix\u00e9 en 1970, \u00e0 savoir consacrer 0,7\u00a0% de leur revenu national brut (RNB) \u00e0 l\u2019APD.<\/p>\n\n\n\n<p>Au lieu d\u2019augmenter les budgets d\u2019APD pour atteindre l\u2019engagement qu\u2019ils avaient pris, les pays nordiques et les institutions multilat\u00e9rales de d\u00e9veloppement ont propos\u00e9 que l\u2019APD, c\u2019est-\u00e0-dire les fonds affect\u00e9s \u00e0 l\u2019aide publique, soit utilis\u00e9e pour attirer des capitaux du secteur priv\u00e9 \u00e0 la recherche de profits afin de combler ce d\u00e9ficit de financement du d\u00e9veloppement durable, c\u2019est-\u00e0-dire un \u00ab&nbsp;financement mixte&nbsp;\u00bb.<\/p>\n\n\n\n<p><strong>Le financement mixte entre en jeu<\/strong><\/p>\n\n\n\n<p>Selon ses <a href=\"https:\/\/www.oecd.org\/dac\/financing-sustainable-development\/blended-finance-principles\/\">promoteurs<\/a>, \u00ab\u00a0le financement mixte est l\u2019utilisation strat\u00e9gique du financement du d\u00e9veloppement [ou de l\u2019APD] pour mobiliser des fonds suppl\u00e9mentaires en faveur du d\u00e9veloppement durable dans les pays en d\u00e9veloppement.\u00a0\u00bb<\/p>\n\n\n\n<p>Comme le sugg\u00e8re le r\u00e9seau de financement mixte <a href=\"https:\/\/www.convergence.finance\/blended-finance\">Convergence<\/a>, dont le si\u00e8ge social est situ\u00e9 \u00e0 Toronto, au Canada, \u00ab\u00a0le financement mixte est une approche structur\u00e9e\u00a0\u00bb qui utilise \u00ab\u00a0des capitaux catalytiques provenant de sources publiques ou philanthropiques pour accro\u00eetre les investissements du secteur priv\u00e9 dans le d\u00e9veloppement durable\u00a0\u00bb.<\/p>\n\n\n\n<p>Le probl\u00e8me est que le financement mixte ne parvient pas toujours \u00e0 offrir une aide efficace. Il ne parvient certainement pas \u00e0 r\u00e9unir les fonds promis. Cependant, de mani\u00e8re plus centrale, sur le peu d\u2019argent qui est amass\u00e9, la quasi-totalit\u00e9 est dirig\u00e9e vers des pays \u00e0 revenu interm\u00e9diaire et des projets pouvant s\u2019av\u00e9rer rentables pour les investisseurs avec moins de risques plut\u00f4t que vers les projets et programmes dans les pays les moins d\u00e9velopp\u00e9s en ayant le plus besoin. De plus, comme c\u2019est le cas avec d\u2019autres formes de privatisation, il est prouv\u00e9 que le financement priv\u00e9 de projets internationaux finit par co\u00fbter plus cher que le financement public. Le financement priv\u00e9 ajoute \u00e9galement des niveaux de complexit\u00e9, entra\u00eenant non seulement des co\u00fbts administratifs plus \u00e9lev\u00e9s, mais aussi moins de transparence et de reddition de comptes.<\/p>\n\n\n\n<p><a href=\"https:\/\/blendedfinancecritique.ca\/fr\/une-critique-de-la-finance-mixte-2\/\">Lisez pour en savoir plus<\/a> sur les co\u00fbts \u00e9lev\u00e9s et les probl\u00e8mes li\u00e9s au financement mixte.<\/p>\n","protected":false},"excerpt":{"rendered":"<p>Avant de d\u00e9finir le financement mixte, il est important de situer l\u2019expression dans le paysage de l\u2019aide au d\u00e9veloppement \u2013 c\u2019est-\u00e0-dire de l\u2019aide \u00e9trang\u00e8re. D\u00e9finir l\u2019aide publique au d\u00e9veloppement (APD) ou l\u2019aide \u00e9trang\u00e8re Selon le Comit\u00e9 d\u2019aide au d\u00e9veloppement de l\u2019Organisation de coop\u00e9ration et de d\u00e9veloppement \u00e9conomiques (le CAD de l\u2019OCDE), \u00ab&nbsp;l\u2019aide publique au d\u00e9veloppement &hellip; <\/p>\n<p class=\"link-more\"><a href=\"https:\/\/blendedfinancecritique.ca\/fr\/quest-ce-que-le-financement-mixte\/\" class=\"more-link\">Continue reading<span class=\"screen-reader-text\"> \u00ab\u00a0Qu&rsquo;est-ce que le financement mixte ?\u00a0\u00bb<\/span><\/a><\/p>\n","protected":false},"author":86,"featured_media":0,"parent":0,"menu_order":0,"comment_status":"closed","ping_status":"closed","template":"","meta":{"footnotes":""},"class_list":["post-420","page","type-page","status-publish","hentry"],"yoast_head":"<!-- This site is optimized with the Yoast SEO plugin v25.9 - https:\/\/yoast.com\/wordpress\/plugins\/seo\/ -->\n<title>Qu&#039;est-ce que le financement mixte ? - Le projet de financement mixte<\/title>\n<meta name=\"robots\" content=\"index, follow, max-snippet:-1, max-image-preview:large, max-video-preview:-1\" \/>\n<link rel=\"canonical\" href=\"https:\/\/blendedfinancecritique.ca\/fr\/quest-ce-que-le-financement-mixte\/\" \/>\n<meta property=\"og:locale\" content=\"fr_FR\" \/>\n<meta property=\"og:type\" content=\"article\" \/>\n<meta property=\"og:title\" content=\"Qu&#039;est-ce que le financement mixte ? - Le projet de financement mixte\" \/>\n<meta property=\"og:description\" content=\"Avant de d\u00e9finir le financement mixte, il est important de situer l\u2019expression dans le paysage de l\u2019aide au d\u00e9veloppement \u2013 c\u2019est-\u00e0-dire de l\u2019aide \u00e9trang\u00e8re. D\u00e9finir l\u2019aide publique au d\u00e9veloppement (APD) ou l\u2019aide \u00e9trang\u00e8re Selon le Comit\u00e9 d\u2019aide au d\u00e9veloppement de l\u2019Organisation de coop\u00e9ration et de d\u00e9veloppement \u00e9conomiques (le CAD de l\u2019OCDE), \u00ab&nbsp;l\u2019aide publique au d\u00e9veloppement &hellip; Continue reading &quot;Qu&rsquo;est-ce que le financement mixte ?&quot;\" \/>\n<meta property=\"og:url\" content=\"https:\/\/blendedfinancecritique.ca\/fr\/quest-ce-que-le-financement-mixte\/\" \/>\n<meta property=\"og:site_name\" content=\"Le projet de financement mixte\" \/>\n<meta property=\"article:modified_time\" content=\"2021-03-15T15:21:40+00:00\" \/>\n<meta name=\"twitter:card\" content=\"summary_large_image\" \/>\n<meta name=\"twitter:label1\" content=\"Est. reading time\" \/>\n\t<meta name=\"twitter:data1\" content=\"3 minutes\" \/>\n<script type=\"application\/ld+json\" class=\"yoast-schema-graph\">{\"@context\":\"https:\/\/schema.org\",\"@graph\":[{\"@type\":\"WebPage\",\"@id\":\"https:\/\/blendedfinancecritique.ca\/fr\/quest-ce-que-le-financement-mixte\/\",\"url\":\"https:\/\/blendedfinancecritique.ca\/fr\/quest-ce-que-le-financement-mixte\/\",\"name\":\"Qu'est-ce que le financement mixte ? - Le projet de financement mixte\",\"isPartOf\":{\"@id\":\"https:\/\/blendedfinancecritique.ca\/fr\/#website\"},\"datePublished\":\"2021-03-10T00:40:52+00:00\",\"dateModified\":\"2021-03-15T15:21:40+00:00\",\"breadcrumb\":{\"@id\":\"https:\/\/blendedfinancecritique.ca\/fr\/quest-ce-que-le-financement-mixte\/#breadcrumb\"},\"inLanguage\":\"fr-FR\",\"potentialAction\":[{\"@type\":\"ReadAction\",\"target\":[\"https:\/\/blendedfinancecritique.ca\/fr\/quest-ce-que-le-financement-mixte\/\"]}]},{\"@type\":\"BreadcrumbList\",\"@id\":\"https:\/\/blendedfinancecritique.ca\/fr\/quest-ce-que-le-financement-mixte\/#breadcrumb\",\"itemListElement\":[{\"@type\":\"ListItem\",\"position\":1,\"name\":\"Home\",\"item\":\"https:\/\/blendedfinancecritique.ca\/fr\/\"},{\"@type\":\"ListItem\",\"position\":2,\"name\":\"Qu&rsquo;est-ce que le financement mixte ?\"}]},{\"@type\":\"WebSite\",\"@id\":\"https:\/\/blendedfinancecritique.ca\/fr\/#website\",\"url\":\"https:\/\/blendedfinancecritique.ca\/fr\/\",\"name\":\"Le projet de financement mixte\",\"description\":\"Une critique de la finance mixte dans l'aide canadienne\",\"potentialAction\":[{\"@type\":\"SearchAction\",\"target\":{\"@type\":\"EntryPoint\",\"urlTemplate\":\"https:\/\/blendedfinancecritique.ca\/fr\/?s={search_term_string}\"},\"query-input\":{\"@type\":\"PropertyValueSpecification\",\"valueRequired\":true,\"valueName\":\"search_term_string\"}}],\"inLanguage\":\"fr-FR\"}]}<\/script>\n<!-- \/ Yoast SEO plugin. -->","yoast_head_json":{"title":"Qu'est-ce que le financement mixte ? - Le projet de financement mixte","robots":{"index":"index","follow":"follow","max-snippet":"max-snippet:-1","max-image-preview":"max-image-preview:large","max-video-preview":"max-video-preview:-1"},"canonical":"https:\/\/blendedfinancecritique.ca\/fr\/quest-ce-que-le-financement-mixte\/","og_locale":"fr_FR","og_type":"article","og_title":"Qu'est-ce que le financement mixte ? - Le projet de financement mixte","og_description":"Avant de d\u00e9finir le financement mixte, il est important de situer l\u2019expression dans le paysage de l\u2019aide au d\u00e9veloppement \u2013 c\u2019est-\u00e0-dire de l\u2019aide \u00e9trang\u00e8re. D\u00e9finir l\u2019aide publique au d\u00e9veloppement (APD) ou l\u2019aide \u00e9trang\u00e8re Selon le Comit\u00e9 d\u2019aide au d\u00e9veloppement de l\u2019Organisation de coop\u00e9ration et de d\u00e9veloppement \u00e9conomiques (le CAD de l\u2019OCDE), \u00ab&nbsp;l\u2019aide publique au d\u00e9veloppement &hellip; Continue reading \"Qu&rsquo;est-ce que le financement mixte ?\"","og_url":"https:\/\/blendedfinancecritique.ca\/fr\/quest-ce-que-le-financement-mixte\/","og_site_name":"Le projet de financement mixte","article_modified_time":"2021-03-15T15:21:40+00:00","twitter_card":"summary_large_image","twitter_misc":{"Est. reading time":"3 minutes"},"schema":{"@context":"https:\/\/schema.org","@graph":[{"@type":"WebPage","@id":"https:\/\/blendedfinancecritique.ca\/fr\/quest-ce-que-le-financement-mixte\/","url":"https:\/\/blendedfinancecritique.ca\/fr\/quest-ce-que-le-financement-mixte\/","name":"Qu'est-ce que le financement mixte ? - Le projet de financement mixte","isPartOf":{"@id":"https:\/\/blendedfinancecritique.ca\/fr\/#website"},"datePublished":"2021-03-10T00:40:52+00:00","dateModified":"2021-03-15T15:21:40+00:00","breadcrumb":{"@id":"https:\/\/blendedfinancecritique.ca\/fr\/quest-ce-que-le-financement-mixte\/#breadcrumb"},"inLanguage":"fr-FR","potentialAction":[{"@type":"ReadAction","target":["https:\/\/blendedfinancecritique.ca\/fr\/quest-ce-que-le-financement-mixte\/"]}]},{"@type":"BreadcrumbList","@id":"https:\/\/blendedfinancecritique.ca\/fr\/quest-ce-que-le-financement-mixte\/#breadcrumb","itemListElement":[{"@type":"ListItem","position":1,"name":"Home","item":"https:\/\/blendedfinancecritique.ca\/fr\/"},{"@type":"ListItem","position":2,"name":"Qu&rsquo;est-ce que le financement mixte ?"}]},{"@type":"WebSite","@id":"https:\/\/blendedfinancecritique.ca\/fr\/#website","url":"https:\/\/blendedfinancecritique.ca\/fr\/","name":"Le projet de financement mixte","description":"Une critique de la finance mixte dans l'aide canadienne","potentialAction":[{"@type":"SearchAction","target":{"@type":"EntryPoint","urlTemplate":"https:\/\/blendedfinancecritique.ca\/fr\/?s={search_term_string}"},"query-input":{"@type":"PropertyValueSpecification","valueRequired":true,"valueName":"search_term_string"}}],"inLanguage":"fr-FR"}]}},"_links":{"self":[{"href":"https:\/\/blendedfinancecritique.ca\/fr\/wp-json\/wp\/v2\/pages\/420","targetHints":{"allow":["GET"]}}],"collection":[{"href":"https:\/\/blendedfinancecritique.ca\/fr\/wp-json\/wp\/v2\/pages"}],"about":[{"href":"https:\/\/blendedfinancecritique.ca\/fr\/wp-json\/wp\/v2\/types\/page"}],"author":[{"embeddable":true,"href":"https:\/\/blendedfinancecritique.ca\/fr\/wp-json\/wp\/v2\/users\/86"}],"replies":[{"embeddable":true,"href":"https:\/\/blendedfinancecritique.ca\/fr\/wp-json\/wp\/v2\/comments?post=420"}],"version-history":[{"count":3,"href":"https:\/\/blendedfinancecritique.ca\/fr\/wp-json\/wp\/v2\/pages\/420\/revisions"}],"predecessor-version":[{"id":517,"href":"https:\/\/blendedfinancecritique.ca\/fr\/wp-json\/wp\/v2\/pages\/420\/revisions\/517"}],"wp:attachment":[{"href":"https:\/\/blendedfinancecritique.ca\/fr\/wp-json\/wp\/v2\/media?parent=420"}],"curies":[{"name":"wp","href":"https:\/\/api.w.org\/{rel}","templated":true}]}}