{"id":423,"date":"2021-03-10T00:44:34","date_gmt":"2021-03-10T00:44:34","guid":{"rendered":"https:\/\/blendedfinancecritique.ca\/?page_id=423"},"modified":"2022-02-18T16:09:38","modified_gmt":"2022-02-18T16:09:38","slug":"des-alternatives-a-la-finance-mixte","status":"publish","type":"page","link":"https:\/\/blendedfinancecritique.ca\/fr\/des-alternatives-a-la-finance-mixte\/","title":{"rendered":"OPTIONS DE RECHANGE"},"content":{"rendered":"\n<p><strong>PROPOSITIONS EFFICACES EN MATI\u00c8RE D\u2019AIDE ET DE SOLIDARIT\u00c9 INTERNATIONALE<\/strong><\/p>\n\n\n\n<p>Des options de rechange au financement mixte pour le d\u00e9veloppement comprennent un certain nombre de propositions (pas n\u00e9cessairement pr\u00e9sent\u00e9es par ordre d\u2019importance et de faisabilit\u00e9 politique)&nbsp;:<\/p>\n\n\n\n<ol class=\"wp-block-list\"><li>S\u2019engager \u00e0 revitaliser le programme d\u2019efficacit\u00e9 de l\u2019aide, en particulier pour augmenter le niveau de l\u2019APD du Canada \u2013 actuellement d\u2019environ 0,31\u00a0% du RNB \u2013 <a href=\"https:\/\/www.oecd.org\/fr\/cad\/financementpourledeveloppementdurable\/normes-financement-developpement\/lobjectifde07apdpnb-unhistorique.htm\">afin d\u2019atteindre l\u2019objectif de 0,7\u00a0% du RNB<\/a> fix\u00e9 par les Nations Unies (par rapport \u00e0 environ 0,27\u00a0%)<\/li><li>R\u00e9\u00e9crire la nouvelle\u00a0<em>Loi sur l\u2019aide financi\u00e8re internationale<\/em>\u00a0afin de promouvoir la responsabilit\u00e9, la transparence et la surveillance, d\u2019inverser la financiarisation de l\u2019APD, d\u2019emp\u00eacher que des fonds publics soient utilis\u00e9s pour garantir des pr\u00eats au secteur priv\u00e9 et d\u2019accorder davantage de subventions<\/li><li>Mobiliser la communaut\u00e9 mondiale pour qu\u2019elle se concentre sur l\u2019am\u00e9lioration de la mobilisation des ressources nationales dans l\u2019h\u00e9misph\u00e8re sud et s\u2019engage dans une r\u00e9forme fiscale mondiale substantielle men\u00e9e de mani\u00e8re ind\u00e9pendante hors du cadre de l\u2019OCDE<\/li><li>Adopter une approche de partenariat public-public pour financer le d\u00e9veloppement en regroupant l\u2019argent dans des fonds multilat\u00e9raux qui donnent la priorit\u00e9 \u00e0 l\u2019acc\u00e8s universel \u00e0 des services publics abordables et de qualit\u00e9 (par exemple, le <a href=\"https:\/\/www.globalpartnership.org\/fr\">Partenariat mondial pour l\u2019\u00e9ducation<\/a>)<\/li><li>Promouvoir des partenariats public-public dans le domaine des infrastructures de base et de la prestation de services, en s\u2019appuyant sur des exemples du secteur de l\u2019eau et de l\u2019assainissement (par exemple, <a href=\"https:\/\/gwopa.org\">l\u2019Alliance mondiale des op\u00e9rateurs de r\u00e9seaux d\u2019eau<\/a> d\u2019ONU-Habitat)<\/li><li>Revoir le mandat de <a href=\"https:\/\/www.findevcanada.ca\/fr\">FinDev Canada<\/a> pour cr\u00e9er une banque publique de d\u00e9veloppement dont l\u2019objectif est de renforcer les capacit\u00e9s du secteur public et l\u2019infrastructure de base dans les pays en d\u00e9veloppement<\/li><\/ol>\n\n\n\n<p>La force de ces diverses approches r\u00e9side dans le fait que les Canadiens soutiennent majoritairement la prestation <a href=\"https:\/\/www.healthcoalition.ca\/pour-les-soins-de-sante-publics\/?lang=fr\">publique de services<\/a>, en particulier dans le domaine de la sant\u00e9, des services qui sont n\u00e9cessaires de toute urgence pour faire face \u00e0 la COVID-19. En outre, il existe des pr\u00e9c\u00e9dents d\u2019initiatives de financement public en Europe (par exemple, l\u2019allemande KfW et la n\u00e9erlandaise Nederlandse Waterschapsbank N.V.) ainsi qu\u2019aux \u00c9tats-Unis (par exemple, le Dakota du Nord a une banque publique qui conna\u00eet un grand succ\u00e8s).<\/p>\n\n\n\n<p>Malheureusement, la faiblesse est qu\u2019il y a actuellement un manque de volont\u00e9 politique pour envisager des solutions de rechange dans le secteur public. Cependant, les exigences croissantes du public en mati\u00e8re d\u2019\u00e9galit\u00e9 des revenus, de sant\u00e9 et de justice climatique pourraient changer la donne. Au lieu de promouvoir des initiatives de financement mixte, le Canada pourrait r\u00e9orienter l\u2019APD existante vers des fonds d\u2019investissement communs pour aider \u00e0 renforcer la capacit\u00e9 du secteur public \u00e0 fournir des services essentiels universels dans les pays de l\u2019h\u00e9misph\u00e8re sud.<\/p>\n","protected":false},"excerpt":{"rendered":"<p>PROPOSITIONS EFFICACES EN MATI\u00c8RE D\u2019AIDE ET DE SOLIDARIT\u00c9 INTERNATIONALE Des options de rechange au financement mixte pour le d\u00e9veloppement comprennent un certain nombre de propositions (pas n\u00e9cessairement pr\u00e9sent\u00e9es par ordre d\u2019importance et de faisabilit\u00e9 politique)&nbsp;: S\u2019engager \u00e0 revitaliser le programme d\u2019efficacit\u00e9 de l\u2019aide, en particulier pour augmenter le niveau de l\u2019APD du Canada \u2013 actuellement &hellip; <\/p>\n<p class=\"link-more\"><a href=\"https:\/\/blendedfinancecritique.ca\/fr\/des-alternatives-a-la-finance-mixte\/\" class=\"more-link\">Continue reading<span class=\"screen-reader-text\"> \u00ab\u00a0OPTIONS DE RECHANGE\u00a0\u00bb<\/span><\/a><\/p>\n","protected":false},"author":86,"featured_media":0,"parent":0,"menu_order":0,"comment_status":"closed","ping_status":"closed","template":"","meta":{"footnotes":""},"class_list":["post-423","page","type-page","status-publish","hentry"],"yoast_head":"<!-- This site is optimized with the Yoast SEO plugin v25.9 - https:\/\/yoast.com\/wordpress\/plugins\/seo\/ -->\n<title>OPTIONS DE RECHANGE - Le projet de financement mixte<\/title>\n<meta name=\"robots\" content=\"index, follow, max-snippet:-1, max-image-preview:large, max-video-preview:-1\" \/>\n<link rel=\"canonical\" href=\"https:\/\/blendedfinancecritique.ca\/fr\/des-alternatives-a-la-finance-mixte\/\" \/>\n<meta property=\"og:locale\" content=\"fr_FR\" \/>\n<meta property=\"og:type\" content=\"article\" \/>\n<meta property=\"og:title\" content=\"OPTIONS DE RECHANGE - Le projet de financement mixte\" \/>\n<meta property=\"og:description\" content=\"PROPOSITIONS EFFICACES EN MATI\u00c8RE D\u2019AIDE ET DE SOLIDARIT\u00c9 INTERNATIONALE Des options de rechange au financement mixte pour le d\u00e9veloppement comprennent un certain nombre de propositions (pas n\u00e9cessairement pr\u00e9sent\u00e9es par ordre d\u2019importance et de faisabilit\u00e9 politique)&nbsp;: S\u2019engager \u00e0 revitaliser le programme d\u2019efficacit\u00e9 de l\u2019aide, en particulier pour augmenter le niveau de l\u2019APD du Canada \u2013 actuellement &hellip; Continue reading &quot;OPTIONS DE RECHANGE&quot;\" \/>\n<meta property=\"og:url\" content=\"https:\/\/blendedfinancecritique.ca\/fr\/des-alternatives-a-la-finance-mixte\/\" \/>\n<meta property=\"og:site_name\" content=\"Le projet de financement mixte\" \/>\n<meta property=\"article:modified_time\" content=\"2022-02-18T16:09:38+00:00\" \/>\n<meta name=\"twitter:card\" content=\"summary_large_image\" \/>\n<meta name=\"twitter:label1\" content=\"Est. reading time\" \/>\n\t<meta name=\"twitter:data1\" content=\"2 minutes\" \/>\n<script type=\"application\/ld+json\" class=\"yoast-schema-graph\">{\"@context\":\"https:\/\/schema.org\",\"@graph\":[{\"@type\":\"WebPage\",\"@id\":\"https:\/\/blendedfinancecritique.ca\/fr\/des-alternatives-a-la-finance-mixte\/\",\"url\":\"https:\/\/blendedfinancecritique.ca\/fr\/des-alternatives-a-la-finance-mixte\/\",\"name\":\"OPTIONS DE RECHANGE - Le projet de financement mixte\",\"isPartOf\":{\"@id\":\"https:\/\/blendedfinancecritique.ca\/fr\/#website\"},\"datePublished\":\"2021-03-10T00:44:34+00:00\",\"dateModified\":\"2022-02-18T16:09:38+00:00\",\"breadcrumb\":{\"@id\":\"https:\/\/blendedfinancecritique.ca\/fr\/des-alternatives-a-la-finance-mixte\/#breadcrumb\"},\"inLanguage\":\"fr-FR\",\"potentialAction\":[{\"@type\":\"ReadAction\",\"target\":[\"https:\/\/blendedfinancecritique.ca\/fr\/des-alternatives-a-la-finance-mixte\/\"]}]},{\"@type\":\"BreadcrumbList\",\"@id\":\"https:\/\/blendedfinancecritique.ca\/fr\/des-alternatives-a-la-finance-mixte\/#breadcrumb\",\"itemListElement\":[{\"@type\":\"ListItem\",\"position\":1,\"name\":\"Home\",\"item\":\"https:\/\/blendedfinancecritique.ca\/fr\/\"},{\"@type\":\"ListItem\",\"position\":2,\"name\":\"OPTIONS DE RECHANGE\"}]},{\"@type\":\"WebSite\",\"@id\":\"https:\/\/blendedfinancecritique.ca\/fr\/#website\",\"url\":\"https:\/\/blendedfinancecritique.ca\/fr\/\",\"name\":\"Le projet de financement mixte\",\"description\":\"Une critique de la finance mixte dans l'aide canadienne\",\"potentialAction\":[{\"@type\":\"SearchAction\",\"target\":{\"@type\":\"EntryPoint\",\"urlTemplate\":\"https:\/\/blendedfinancecritique.ca\/fr\/?s={search_term_string}\"},\"query-input\":{\"@type\":\"PropertyValueSpecification\",\"valueRequired\":true,\"valueName\":\"search_term_string\"}}],\"inLanguage\":\"fr-FR\"}]}<\/script>\n<!-- \/ Yoast SEO plugin. -->","yoast_head_json":{"title":"OPTIONS DE RECHANGE - Le projet de financement mixte","robots":{"index":"index","follow":"follow","max-snippet":"max-snippet:-1","max-image-preview":"max-image-preview:large","max-video-preview":"max-video-preview:-1"},"canonical":"https:\/\/blendedfinancecritique.ca\/fr\/des-alternatives-a-la-finance-mixte\/","og_locale":"fr_FR","og_type":"article","og_title":"OPTIONS DE RECHANGE - Le projet de financement mixte","og_description":"PROPOSITIONS EFFICACES EN MATI\u00c8RE D\u2019AIDE ET DE SOLIDARIT\u00c9 INTERNATIONALE Des options de rechange au financement mixte pour le d\u00e9veloppement comprennent un certain nombre de propositions (pas n\u00e9cessairement pr\u00e9sent\u00e9es par ordre d\u2019importance et de faisabilit\u00e9 politique)&nbsp;: S\u2019engager \u00e0 revitaliser le programme d\u2019efficacit\u00e9 de l\u2019aide, en particulier pour augmenter le niveau de l\u2019APD du Canada \u2013 actuellement &hellip; Continue reading \"OPTIONS DE RECHANGE\"","og_url":"https:\/\/blendedfinancecritique.ca\/fr\/des-alternatives-a-la-finance-mixte\/","og_site_name":"Le projet de financement mixte","article_modified_time":"2022-02-18T16:09:38+00:00","twitter_card":"summary_large_image","twitter_misc":{"Est. reading time":"2 minutes"},"schema":{"@context":"https:\/\/schema.org","@graph":[{"@type":"WebPage","@id":"https:\/\/blendedfinancecritique.ca\/fr\/des-alternatives-a-la-finance-mixte\/","url":"https:\/\/blendedfinancecritique.ca\/fr\/des-alternatives-a-la-finance-mixte\/","name":"OPTIONS DE RECHANGE - Le projet de financement mixte","isPartOf":{"@id":"https:\/\/blendedfinancecritique.ca\/fr\/#website"},"datePublished":"2021-03-10T00:44:34+00:00","dateModified":"2022-02-18T16:09:38+00:00","breadcrumb":{"@id":"https:\/\/blendedfinancecritique.ca\/fr\/des-alternatives-a-la-finance-mixte\/#breadcrumb"},"inLanguage":"fr-FR","potentialAction":[{"@type":"ReadAction","target":["https:\/\/blendedfinancecritique.ca\/fr\/des-alternatives-a-la-finance-mixte\/"]}]},{"@type":"BreadcrumbList","@id":"https:\/\/blendedfinancecritique.ca\/fr\/des-alternatives-a-la-finance-mixte\/#breadcrumb","itemListElement":[{"@type":"ListItem","position":1,"name":"Home","item":"https:\/\/blendedfinancecritique.ca\/fr\/"},{"@type":"ListItem","position":2,"name":"OPTIONS DE RECHANGE"}]},{"@type":"WebSite","@id":"https:\/\/blendedfinancecritique.ca\/fr\/#website","url":"https:\/\/blendedfinancecritique.ca\/fr\/","name":"Le projet de financement mixte","description":"Une critique de la finance mixte dans l'aide canadienne","potentialAction":[{"@type":"SearchAction","target":{"@type":"EntryPoint","urlTemplate":"https:\/\/blendedfinancecritique.ca\/fr\/?s={search_term_string}"},"query-input":{"@type":"PropertyValueSpecification","valueRequired":true,"valueName":"search_term_string"}}],"inLanguage":"fr-FR"}]}},"_links":{"self":[{"href":"https:\/\/blendedfinancecritique.ca\/fr\/wp-json\/wp\/v2\/pages\/423","targetHints":{"allow":["GET"]}}],"collection":[{"href":"https:\/\/blendedfinancecritique.ca\/fr\/wp-json\/wp\/v2\/pages"}],"about":[{"href":"https:\/\/blendedfinancecritique.ca\/fr\/wp-json\/wp\/v2\/types\/page"}],"author":[{"embeddable":true,"href":"https:\/\/blendedfinancecritique.ca\/fr\/wp-json\/wp\/v2\/users\/86"}],"replies":[{"embeddable":true,"href":"https:\/\/blendedfinancecritique.ca\/fr\/wp-json\/wp\/v2\/comments?post=423"}],"version-history":[{"count":3,"href":"https:\/\/blendedfinancecritique.ca\/fr\/wp-json\/wp\/v2\/pages\/423\/revisions"}],"predecessor-version":[{"id":642,"href":"https:\/\/blendedfinancecritique.ca\/fr\/wp-json\/wp\/v2\/pages\/423\/revisions\/642"}],"wp:attachment":[{"href":"https:\/\/blendedfinancecritique.ca\/fr\/wp-json\/wp\/v2\/media?parent=423"}],"curies":[{"name":"wp","href":"https:\/\/api.w.org\/{rel}","templated":true}]}}