{"id":718,"date":"2024-10-08T00:01:00","date_gmt":"2024-10-08T04:01:00","guid":{"rendered":"https:\/\/blendedfinancecritique.ca\/?page_id=718"},"modified":"2024-10-07T23:13:31","modified_gmt":"2024-10-08T03:13:31","slug":"cartographie-de-la-finance-mixte","status":"publish","type":"page","link":"https:\/\/blendedfinancecritique.ca\/fr\/cartographie-de-la-finance-mixte\/","title":{"rendered":"Cartographie de la finance mixte : Quelle est l&rsquo;exp\u00e9rience des organisations de coop\u00e9ration au d\u00e9veloppement et de solidarit\u00e9 au Canada ?"},"content":{"rendered":"\n<figure class=\"wp-block-gallery has-nested-images columns-default is-cropped wp-block-gallery-1 is-layout-flex wp-block-gallery-is-layout-flex\">\n<figure class=\"wp-block-image size-large\"><img loading=\"lazy\" decoding=\"async\" width=\"1024\" height=\"576\" data-id=\"719\" src=\"https:\/\/blendedfinancecritique.ca\/wp-content\/uploads\/sites\/83\/2024\/10\/BFP-Report-Launch-Graphic-1-1-1024x576.png\" alt=\"\" class=\"wp-image-719\" srcset=\"https:\/\/blendedfinancecritique.ca\/wp-content\/uploads\/sites\/83\/2024\/10\/BFP-Report-Launch-Graphic-1-1-1024x576.png 1024w, https:\/\/blendedfinancecritique.ca\/wp-content\/uploads\/sites\/83\/2024\/10\/BFP-Report-Launch-Graphic-1-1-300x169.png 300w, https:\/\/blendedfinancecritique.ca\/wp-content\/uploads\/sites\/83\/2024\/10\/BFP-Report-Launch-Graphic-1-1-768x432.png 768w, https:\/\/blendedfinancecritique.ca\/wp-content\/uploads\/sites\/83\/2024\/10\/BFP-Report-Launch-Graphic-1-1.png 1366w\" sizes=\"auto, (max-width: 767px) 89vw, (max-width: 1000px) 54vw, (max-width: 1071px) 543px, 580px\" \/><\/figure>\n<\/figure>\n\n\n\n<p>Suivant l&rsquo;exemple d&rsquo;autres pays du G8, le Canada s&rsquo;est orient\u00e9 ces derni\u00e8res ann\u00e9es vers la promotion d&rsquo;initiatives de financement mixte dans le cadre de sa politique de d\u00e9veloppement international. De nouvelles initiatives telles que FinDev Canada et le Programme d\u2019innovation en aide internationale (PIAI) utilisent l&rsquo;argent public pour attirer et subventionner des investissements priv\u00e9s dans des projets qui pr\u00e9tendent promouvoir le d\u00e9veloppement durable. Mais on sait peu de choses sur la fa\u00e7on dont ce virage vers le financement mixte a affect\u00e9 les organisations canadiennes qui travaillent dans le domaine de la coop\u00e9ration au d\u00e9veloppement et de la solidarit\u00e9.<\/p>\n\n\n\n<p>Le nouveau rapport publi\u00e9 aujourd&rsquo;hui par le projet Blended Finance, \u00ab Cartographie de la finance mixte : Quelle est l&rsquo;exp\u00e9rience des organisations de coop\u00e9ration au d\u00e9veloppement et de solidarit\u00e9 au Canada ? \u00bb constate que les avis sont partag\u00e9s. Certaines organisations accueillent favorablement les initiatives de financement mixte, d&rsquo;autres sont incertaines, tandis que certaines sont tr\u00e8s sceptiques. Le rapport formule des recommandations pour le financement de la coop\u00e9ration au d\u00e9veloppement \u00e0 l&rsquo;heure o\u00f9 le programme pilote de l&rsquo;IAIP doit \u00eatre renouvel\u00e9, y compris des alternatives au financement mixte qui permettent la r\u00e9ussite et favorisent la durabilit\u00e9 des petites et moyennes organisations qui sont essentielles \u00e0 l&rsquo;engagement du Canada dans le monde.<\/p>\n\n\n\n<p>La recherche de ce rapport a \u00e9t\u00e9 financ\u00e9e par la Facult\u00e9 des sciences sociales de l&rsquo;Universit\u00e9 d&rsquo;Ottawa.<\/p>\n\n\n\n<p>Ce rapport est \u00e9galement disponible en <a href=\"https:\/\/blendedfinancecritique.ca\/mapping-blended-finance\/(opens in a new tab)\">anglais<\/a>.<\/p>\n\n\n\n<div data-wp-interactive=\"core\/file\" class=\"wp-block-file\"><object data-wp-bind--hidden=\"!state.hasPdfPreview\" hidden class=\"wp-block-file__embed\" data=\"https:\/\/blendedfinancecritique.ca\/wp-content\/uploads\/sites\/83\/2024\/10\/Cartographie-de-la-finance-mixte-FR-FINAL-Oct-2024.pdf\" type=\"application\/pdf\" style=\"width:100%;height:600px\" aria-label=\"Contenu embarqu\u00e9 Cartographie-de-la-finance-mixte-FR-FINAL-Oct-2024.\"><\/object><a id=\"wp-block-file--media-858161dd-0165-4092-8a76-159a43f34e6c\" href=\"https:\/\/blendedfinancecritique.ca\/wp-content\/uploads\/sites\/83\/2024\/10\/Cartographie-de-la-finance-mixte-FR-FINAL-Oct-2024.pdf\">Cartographie-de-la-finance-mixte-FR-FINAL-Oct-2024<\/a><a href=\"https:\/\/blendedfinancecritique.ca\/wp-content\/uploads\/sites\/83\/2024\/10\/Cartographie-de-la-finance-mixte-FR-FINAL-Oct-2024.pdf\" class=\"wp-block-file__button wp-element-button\" download aria-describedby=\"wp-block-file--media-858161dd-0165-4092-8a76-159a43f34e6c\">Download<\/a><\/div>\n","protected":false},"excerpt":{"rendered":"<p>Suivant l&rsquo;exemple d&rsquo;autres pays du G8, le Canada s&rsquo;est orient\u00e9 ces derni\u00e8res ann\u00e9es vers la promotion d&rsquo;initiatives de financement mixte dans le cadre de sa politique de d\u00e9veloppement international. De nouvelles initiatives telles que FinDev Canada et le Programme d\u2019innovation en aide internationale (PIAI) utilisent l&rsquo;argent public pour attirer et subventionner des investissements priv\u00e9s dans &hellip; <\/p>\n<p class=\"link-more\"><a href=\"https:\/\/blendedfinancecritique.ca\/fr\/cartographie-de-la-finance-mixte\/\" class=\"more-link\">Continue reading<span class=\"screen-reader-text\"> \u00ab\u00a0Cartographie de la finance mixte : Quelle est l&rsquo;exp\u00e9rience des organisations de coop\u00e9ration au d\u00e9veloppement et de solidarit\u00e9 au Canada ?\u00a0\u00bb<\/span><\/a><\/p>\n","protected":false},"author":520,"featured_media":0,"parent":0,"menu_order":0,"comment_status":"closed","ping_status":"closed","template":"","meta":{"footnotes":""},"class_list":["post-718","page","type-page","status-publish","hentry"],"yoast_head":"<!-- This site is optimized with the Yoast SEO plugin v25.9 - https:\/\/yoast.com\/wordpress\/plugins\/seo\/ -->\n<title>Cartographie de la finance mixte : Quelle est l&#039;exp\u00e9rience des organisations de coop\u00e9ration au d\u00e9veloppement et de solidarit\u00e9 au Canada ? - Le projet de financement mixte<\/title>\n<meta name=\"robots\" content=\"index, follow, max-snippet:-1, max-image-preview:large, max-video-preview:-1\" \/>\n<link rel=\"canonical\" href=\"https:\/\/blendedfinancecritique.ca\/fr\/cartographie-de-la-finance-mixte\/\" \/>\n<meta property=\"og:locale\" content=\"fr_FR\" \/>\n<meta property=\"og:type\" content=\"article\" \/>\n<meta property=\"og:title\" content=\"Cartographie de la finance mixte : Quelle est l&#039;exp\u00e9rience des organisations de coop\u00e9ration au d\u00e9veloppement et de solidarit\u00e9 au Canada ? - Le projet de financement mixte\" \/>\n<meta property=\"og:description\" content=\"Suivant l&rsquo;exemple d&rsquo;autres pays du G8, le Canada s&rsquo;est orient\u00e9 ces derni\u00e8res ann\u00e9es vers la promotion d&rsquo;initiatives de financement mixte dans le cadre de sa politique de d\u00e9veloppement international. De nouvelles initiatives telles que FinDev Canada et le Programme d\u2019innovation en aide internationale (PIAI) utilisent l&rsquo;argent public pour attirer et subventionner des investissements priv\u00e9s dans &hellip; Continue reading &quot;Cartographie de la finance mixte : Quelle est l&rsquo;exp\u00e9rience des organisations de coop\u00e9ration au d\u00e9veloppement et de solidarit\u00e9 au Canada ?&quot;\" \/>\n<meta property=\"og:url\" content=\"https:\/\/blendedfinancecritique.ca\/fr\/cartographie-de-la-finance-mixte\/\" \/>\n<meta property=\"og:site_name\" content=\"Le projet de financement mixte\" \/>\n<meta property=\"og:image\" content=\"https:\/\/blendedfinancecritique.ca\/wp-content\/uploads\/sites\/83\/2024\/10\/BFP-Report-Launch-Graphic-1-1-1024x576.png\" \/>\n<meta name=\"twitter:card\" content=\"summary_large_image\" \/>\n<meta name=\"twitter:label1\" content=\"Est. reading time\" \/>\n\t<meta name=\"twitter:data1\" content=\"1 minute\" \/>\n<script type=\"application\/ld+json\" class=\"yoast-schema-graph\">{\"@context\":\"https:\/\/schema.org\",\"@graph\":[{\"@type\":\"WebPage\",\"@id\":\"https:\/\/blendedfinancecritique.ca\/fr\/cartographie-de-la-finance-mixte\/\",\"url\":\"https:\/\/blendedfinancecritique.ca\/fr\/cartographie-de-la-finance-mixte\/\",\"name\":\"Cartographie de la finance mixte : Quelle est l'exp\u00e9rience des organisations de coop\u00e9ration au d\u00e9veloppement et de solidarit\u00e9 au Canada ? - Le projet de financement mixte\",\"isPartOf\":{\"@id\":\"https:\/\/blendedfinancecritique.ca\/fr\/#website\"},\"primaryImageOfPage\":{\"@id\":\"https:\/\/blendedfinancecritique.ca\/fr\/cartographie-de-la-finance-mixte\/#primaryimage\"},\"image\":{\"@id\":\"https:\/\/blendedfinancecritique.ca\/fr\/cartographie-de-la-finance-mixte\/#primaryimage\"},\"thumbnailUrl\":\"https:\/\/blendedfinancecritique.ca\/wp-content\/uploads\/sites\/83\/2024\/10\/BFP-Report-Launch-Graphic-1-1-1024x576.png\",\"datePublished\":\"2024-10-08T04:01:00+00:00\",\"breadcrumb\":{\"@id\":\"https:\/\/blendedfinancecritique.ca\/fr\/cartographie-de-la-finance-mixte\/#breadcrumb\"},\"inLanguage\":\"fr-FR\",\"potentialAction\":[{\"@type\":\"ReadAction\",\"target\":[\"https:\/\/blendedfinancecritique.ca\/fr\/cartographie-de-la-finance-mixte\/\"]}]},{\"@type\":\"ImageObject\",\"inLanguage\":\"fr-FR\",\"@id\":\"https:\/\/blendedfinancecritique.ca\/fr\/cartographie-de-la-finance-mixte\/#primaryimage\",\"url\":\"https:\/\/blendedfinancecritique.ca\/wp-content\/uploads\/sites\/83\/2024\/10\/BFP-Report-Launch-Graphic-1-1-1024x576.png\",\"contentUrl\":\"https:\/\/blendedfinancecritique.ca\/wp-content\/uploads\/sites\/83\/2024\/10\/BFP-Report-Launch-Graphic-1-1-1024x576.png\"},{\"@type\":\"BreadcrumbList\",\"@id\":\"https:\/\/blendedfinancecritique.ca\/fr\/cartographie-de-la-finance-mixte\/#breadcrumb\",\"itemListElement\":[{\"@type\":\"ListItem\",\"position\":1,\"name\":\"Home\",\"item\":\"https:\/\/blendedfinancecritique.ca\/fr\/\"},{\"@type\":\"ListItem\",\"position\":2,\"name\":\"Cartographie de la finance mixte : Quelle est l&#8217;exp\u00e9rience des organisations de coop\u00e9ration au d\u00e9veloppement et de solidarit\u00e9 au Canada ?\"}]},{\"@type\":\"WebSite\",\"@id\":\"https:\/\/blendedfinancecritique.ca\/fr\/#website\",\"url\":\"https:\/\/blendedfinancecritique.ca\/fr\/\",\"name\":\"Le projet de financement mixte\",\"description\":\"Une critique de la finance mixte dans l'aide canadienne\",\"potentialAction\":[{\"@type\":\"SearchAction\",\"target\":{\"@type\":\"EntryPoint\",\"urlTemplate\":\"https:\/\/blendedfinancecritique.ca\/fr\/?s={search_term_string}\"},\"query-input\":{\"@type\":\"PropertyValueSpecification\",\"valueRequired\":true,\"valueName\":\"search_term_string\"}}],\"inLanguage\":\"fr-FR\"}]}<\/script>\n<!-- \/ Yoast SEO plugin. -->","yoast_head_json":{"title":"Cartographie de la finance mixte : Quelle est l'exp\u00e9rience des organisations de coop\u00e9ration au d\u00e9veloppement et de solidarit\u00e9 au Canada ? - Le projet de financement mixte","robots":{"index":"index","follow":"follow","max-snippet":"max-snippet:-1","max-image-preview":"max-image-preview:large","max-video-preview":"max-video-preview:-1"},"canonical":"https:\/\/blendedfinancecritique.ca\/fr\/cartographie-de-la-finance-mixte\/","og_locale":"fr_FR","og_type":"article","og_title":"Cartographie de la finance mixte : Quelle est l'exp\u00e9rience des organisations de coop\u00e9ration au d\u00e9veloppement et de solidarit\u00e9 au Canada ? - Le projet de financement mixte","og_description":"Suivant l&rsquo;exemple d&rsquo;autres pays du G8, le Canada s&rsquo;est orient\u00e9 ces derni\u00e8res ann\u00e9es vers la promotion d&rsquo;initiatives de financement mixte dans le cadre de sa politique de d\u00e9veloppement international. De nouvelles initiatives telles que FinDev Canada et le Programme d\u2019innovation en aide internationale (PIAI) utilisent l&rsquo;argent public pour attirer et subventionner des investissements priv\u00e9s dans &hellip; Continue reading \"Cartographie de la finance mixte : Quelle est l&rsquo;exp\u00e9rience des organisations de coop\u00e9ration au d\u00e9veloppement et de solidarit\u00e9 au Canada ?\"","og_url":"https:\/\/blendedfinancecritique.ca\/fr\/cartographie-de-la-finance-mixte\/","og_site_name":"Le projet de financement mixte","og_image":[{"url":"https:\/\/blendedfinancecritique.ca\/wp-content\/uploads\/sites\/83\/2024\/10\/BFP-Report-Launch-Graphic-1-1-1024x576.png","type":"","width":"","height":""}],"twitter_card":"summary_large_image","twitter_misc":{"Est. reading time":"1 minute"},"schema":{"@context":"https:\/\/schema.org","@graph":[{"@type":"WebPage","@id":"https:\/\/blendedfinancecritique.ca\/fr\/cartographie-de-la-finance-mixte\/","url":"https:\/\/blendedfinancecritique.ca\/fr\/cartographie-de-la-finance-mixte\/","name":"Cartographie de la finance mixte : Quelle est l'exp\u00e9rience des organisations de coop\u00e9ration au d\u00e9veloppement et de solidarit\u00e9 au Canada ? - Le projet de financement mixte","isPartOf":{"@id":"https:\/\/blendedfinancecritique.ca\/fr\/#website"},"primaryImageOfPage":{"@id":"https:\/\/blendedfinancecritique.ca\/fr\/cartographie-de-la-finance-mixte\/#primaryimage"},"image":{"@id":"https:\/\/blendedfinancecritique.ca\/fr\/cartographie-de-la-finance-mixte\/#primaryimage"},"thumbnailUrl":"https:\/\/blendedfinancecritique.ca\/wp-content\/uploads\/sites\/83\/2024\/10\/BFP-Report-Launch-Graphic-1-1-1024x576.png","datePublished":"2024-10-08T04:01:00+00:00","breadcrumb":{"@id":"https:\/\/blendedfinancecritique.ca\/fr\/cartographie-de-la-finance-mixte\/#breadcrumb"},"inLanguage":"fr-FR","potentialAction":[{"@type":"ReadAction","target":["https:\/\/blendedfinancecritique.ca\/fr\/cartographie-de-la-finance-mixte\/"]}]},{"@type":"ImageObject","inLanguage":"fr-FR","@id":"https:\/\/blendedfinancecritique.ca\/fr\/cartographie-de-la-finance-mixte\/#primaryimage","url":"https:\/\/blendedfinancecritique.ca\/wp-content\/uploads\/sites\/83\/2024\/10\/BFP-Report-Launch-Graphic-1-1-1024x576.png","contentUrl":"https:\/\/blendedfinancecritique.ca\/wp-content\/uploads\/sites\/83\/2024\/10\/BFP-Report-Launch-Graphic-1-1-1024x576.png"},{"@type":"BreadcrumbList","@id":"https:\/\/blendedfinancecritique.ca\/fr\/cartographie-de-la-finance-mixte\/#breadcrumb","itemListElement":[{"@type":"ListItem","position":1,"name":"Home","item":"https:\/\/blendedfinancecritique.ca\/fr\/"},{"@type":"ListItem","position":2,"name":"Cartographie de la finance mixte : Quelle est l&#8217;exp\u00e9rience des organisations de coop\u00e9ration au d\u00e9veloppement et de solidarit\u00e9 au Canada ?"}]},{"@type":"WebSite","@id":"https:\/\/blendedfinancecritique.ca\/fr\/#website","url":"https:\/\/blendedfinancecritique.ca\/fr\/","name":"Le projet de financement mixte","description":"Une critique de la finance mixte dans l'aide canadienne","potentialAction":[{"@type":"SearchAction","target":{"@type":"EntryPoint","urlTemplate":"https:\/\/blendedfinancecritique.ca\/fr\/?s={search_term_string}"},"query-input":{"@type":"PropertyValueSpecification","valueRequired":true,"valueName":"search_term_string"}}],"inLanguage":"fr-FR"}]}},"_links":{"self":[{"href":"https:\/\/blendedfinancecritique.ca\/fr\/wp-json\/wp\/v2\/pages\/718","targetHints":{"allow":["GET"]}}],"collection":[{"href":"https:\/\/blendedfinancecritique.ca\/fr\/wp-json\/wp\/v2\/pages"}],"about":[{"href":"https:\/\/blendedfinancecritique.ca\/fr\/wp-json\/wp\/v2\/types\/page"}],"author":[{"embeddable":true,"href":"https:\/\/blendedfinancecritique.ca\/fr\/wp-json\/wp\/v2\/users\/520"}],"replies":[{"embeddable":true,"href":"https:\/\/blendedfinancecritique.ca\/fr\/wp-json\/wp\/v2\/comments?post=718"}],"version-history":[{"count":2,"href":"https:\/\/blendedfinancecritique.ca\/fr\/wp-json\/wp\/v2\/pages\/718\/revisions"}],"predecessor-version":[{"id":741,"href":"https:\/\/blendedfinancecritique.ca\/fr\/wp-json\/wp\/v2\/pages\/718\/revisions\/741"}],"wp:attachment":[{"href":"https:\/\/blendedfinancecritique.ca\/fr\/wp-json\/wp\/v2\/media?parent=718"}],"curies":[{"name":"wp","href":"https:\/\/api.w.org\/{rel}","templated":true}]}}